{"id":9,"date":"2013-08-27T14:43:00","date_gmt":"2013-08-27T11:43:00","guid":{"rendered":"http:\/\/comandacarte.neacostache.com\/?page_id=9"},"modified":"2013-10-03T14:49:52","modified_gmt":"2013-10-03T11:49:52","slug":"comanda-carte","status":"publish","type":"page","link":"https:\/\/comandacarte.neacostache.com\/","title":{"rendered":"&#8222;O via\u021b\u0103 \u00eempreun\u0103&#8221; &#8211; cadou de suflet pentru suflet !"},"content":{"rendered":"<p style=\"text-align: justify;\">Romanul \u201c<strong>O via\u0163\u0103 \u00eempreun\u0103<\/strong>\u201d a luat na\u015ftere pe <a title=\"Blog Costache\" href=\"http:\/\/www.neacostache.com\">blogul meu<\/a>, capitol cu capitol, sub ochii cititorilor. \u201cO via\u0163\u0103 impreuna\u201d\u00a0 este primul roman scris \u00een grai neao\u015f gorjenesc, cu regionalismele specifice. Cele dou\u0103 personaje centrale ale romanului, Nicolae \u015fi Rusanda, doi \u0163\u0103rani dintr-un sat gorjean, \u00ee\u015fi unesc destinele \u00een vara anului 1940, \u00een urma unei idile scurte dar puternice.<\/p>\n<p style=\"text-align: justify;\">Romanul descrie via\u0163a satului gorjenesc, \u00een graiul s\u0103u specific, cu oamenii s\u0103i, bucuriile \u015fi necazurile lor.<\/p>\n<p>Cartea cuprinde scene de dragoste, scene de o \u00eenalt\u0103 \u00eenc\u0103rc\u0103tur\u0103 eroic\u0103, scene de disperare \u015fi dezn\u0103dejde, durere \u015fi neputin\u0163\u0103, dragoste \u015fi speran\u0163\u0103, bucurie, fericire, scene de umor, satisfac\u0163ie a unei vie\u0163i tr\u0103ite \u00een doi, satisfac\u0163ia de a-\u015fi vedea copiii \u00eemplini\u0163i. Romanul \u201c<strong>O via\u0163\u0103 impreuna<\/strong>\u201d, prin personajele sale, Nicolae \u015fi Rusanda, oameni de o simplitate \u015fi puritate moral\u0103 specific\u0103 omului de la \u0163ar\u0103, ofer\u0103 cititorilor s\u0103i o lec\u0163ie de via\u0163\u0103 \u015fi moarte.<\/p>\n<p style=\"text-align: justify;\">Aceasta pagina este in exclusivitate conceputa pentru a prelua comenzile la romanul \u201c<strong>O viata impreuna<\/strong>\u201c, scrisa de mine, dar si pentru a strange parerilor cititorilor mei.<\/p>\n<p style=\"text-align: justify;\">Mostre relevante ale modului in care scriu <a href=\"http:\/\/www.neacostache.com\/category\/o-viata-impreuna\/\" target=\"_blank\">puteti vedea aici<\/a> (am facut publice primele doua capitole ale romanului, asa cum au fost scrise la vremea respectiva pe blog).<\/p>\n<p style=\"text-align: justify;\">\n","protected":false},"excerpt":{"rendered":"<p>Romanul \u201cO via\u0163\u0103 \u00eempreun\u0103\u201d a luat na\u015ftere pe blogul meu, capitol cu capitol, sub ochii cititorilor. \u201cO via\u0163\u0103 impreuna\u201d\u00a0 este primul roman scris \u00een grai neao\u015f gorjenesc, cu regionalismele specifice. Cele dou\u0103 personaje centrale ale romanului, Nicolae \u015fi Rusanda, doi \u0163\u0103rani dintr-un sat gorjean, \u00ee\u015fi unesc destinele \u00een vara anului 1940, \u00een urma unei idile [&hellip;]<\/p>\n","protected":false},"author":2,"featured_media":0,"parent":0,"menu_order":0,"comment_status":"open","ping_status":"open","template":"","meta":[],"_links":{"self":[{"href":"https:\/\/comandacarte.neacostache.com\/index.php?rest_route=\/wp\/v2\/pages\/9"}],"collection":[{"href":"https:\/\/comandacarte.neacostache.com\/index.php?rest_route=\/wp\/v2\/pages"}],"about":[{"href":"https:\/\/comandacarte.neacostache.com\/index.php?rest_route=\/wp\/v2\/types\/page"}],"author":[{"embeddable":true,"href":"https:\/\/comandacarte.neacostache.com\/index.php?rest_route=\/wp\/v2\/users\/2"}],"replies":[{"embeddable":true,"href":"https:\/\/comandacarte.neacostache.com\/index.php?rest_route=%2Fwp%2Fv2%2Fcomments&post=9"}],"version-history":[{"count":19,"href":"https:\/\/comandacarte.neacostache.com\/index.php?rest_route=\/wp\/v2\/pages\/9\/revisions"}],"predecessor-version":[{"id":33,"href":"https:\/\/comandacarte.neacostache.com\/index.php?rest_route=\/wp\/v2\/pages\/9\/revisions\/33"}],"wp:attachment":[{"href":"https:\/\/comandacarte.neacostache.com\/index.php?rest_route=%2Fwp%2Fv2%2Fmedia&parent=9"}],"curies":[{"name":"wp","href":"https:\/\/api.w.org\/{rel}","templated":true}]}}